{"id":152932,"date":"2019-07-13T18:40:29","date_gmt":"2019-07-13T17:40:29","guid":{"rendered":"https:\/\/rycetravel.com\/objectifs\/"},"modified":"2025-09-11T10:17:40","modified_gmt":"2025-09-11T09:17:40","slug":"objectifs","status":"publish","type":"page","link":"https:\/\/rycetravel.com\/fr\/objectifs\/","title":{"rendered":"Objectifs"},"content":{"rendered":"\n<p>En tant que fondation, nous nous sommes fix\u00e9s plusieurs objectifs lors de notre cr\u00e9ation officielle en 2016. Les objectifs que nous avons enregistr\u00e9s aupr\u00e8s du notaire sont les suivants. <\/p>\n\n<ol class=\"wp-block-list\"><li>Promouvoir le tourisme durable dans les pays en d\u00e9veloppement au sens le plus large du terme.<\/li><li>Ex\u00e9cuter toutes autres actions qui sont li\u00e9es \u00e0 ce qui pr\u00e9c\u00e8de au sens le plus large ou qui peuvent y contribuer.<\/li><li>La fondation vise \u00e0 atteindre son objectif en soutenant les entrepreneurs locaux et en proposant des voyages vers ces destinations.<\/li><\/ol>\n","protected":false},"excerpt":{"rendered":"<p>En tant que fondation, nous nous sommes fix\u00e9s plusieurs objectifs lors de notre cr\u00e9ation officielle en 2016. Les objectifs que nous avons enregistr\u00e9s aupr\u00e8s du notaire sont les suivants. Promouvoir le tourisme durable dans les pays en d\u00e9veloppement au sens le plus large du terme. Ex\u00e9cuter toutes autres actions qui sont li\u00e9es \u00e0 ce qui [&hellip;]<\/p>\n","protected":false},"author":4,"featured_media":0,"parent":0,"menu_order":0,"comment_status":"closed","ping_status":"closed","template":"","meta":{"_acf_changed":false,"site-sidebar-layout":"default","site-content-layout":"","ast-site-content-layout":"default","site-content-style":"default","site-sidebar-style":"default","ast-global-header-display":"","ast-banner-title-visibility":"","ast-main-header-display":"","ast-hfb-above-header-display":"","ast-hfb-below-header-display":"","ast-hfb-mobile-header-display":"","site-post-title":"","ast-breadcrumbs-content":"","ast-featured-img":"","footer-sml-layout":"","ast-disable-related-posts":"","theme-transparent-header-meta":"","adv-header-id-meta":"","stick-header-meta":"","header-above-stick-meta":"","header-main-stick-meta":"","header-below-stick-meta":"","astra-migrate-meta-layouts":"default","ast-page-background-enabled":"default","ast-page-background-meta":{"desktop":{"background-color":"","background-image":"","background-repeat":"repeat","background-position":"center center","background-size":"auto","background-attachment":"scroll","background-type":"","background-media":"","overlay-type":"","overlay-color":"","overlay-opacity":"","overlay-gradient":""},"tablet":{"background-color":"","background-image":"","background-repeat":"repeat","background-position":"center center","background-size":"auto","background-attachment":"scroll","background-type":"","background-media":"","overlay-type":"","overlay-color":"","overlay-opacity":"","overlay-gradient":""},"mobile":{"background-color":"","background-image":"","background-repeat":"repeat","background-position":"center center","background-size":"auto","background-attachment":"scroll","background-type":"","background-media":"","overlay-type":"","overlay-color":"","overlay-opacity":"","overlay-gradient":""}},"ast-content-background-meta":{"desktop":{"background-color":"var(--ast-global-color-5)","background-image":"","background-repeat":"repeat","background-position":"center center","background-size":"auto","background-attachment":"scroll","background-type":"","background-media":"","overlay-type":"","overlay-color":"","overlay-opacity":"","overlay-gradient":""},"tablet":{"background-color":"var(--ast-global-color-5)","background-image":"","background-repeat":"repeat","background-position":"center center","background-size":"auto","background-attachment":"scroll","background-type":"","background-media":"","overlay-type":"","overlay-color":"","overlay-opacity":"","overlay-gradient":""},"mobile":{"background-color":"var(--ast-global-color-5)","background-image":"","background-repeat":"repeat","background-position":"center center","background-size":"auto","background-attachment":"scroll","background-type":"","background-media":"","overlay-type":"","overlay-color":"","overlay-opacity":"","overlay-gradient":""}},"_joinchat":[],"footnotes":""},"class_list":["post-152932","page","type-page","status-publish","hentry"],"acf":[],"yoast_head":"<!-- This site is optimized with the Yoast SEO plugin v27.2 - https:\/\/yoast.com\/product\/yoast-seo-wordpress\/ -->\n<title>Objectifs - Ryce Travel<\/title>\n<meta name=\"robots\" content=\"index, follow, max-snippet:-1, max-image-preview:large, max-video-preview:-1\" \/>\n<link rel=\"canonical\" href=\"https:\/\/rycetravel.com\/fr\/objectifs\/\" \/>\n<meta property=\"og:locale\" content=\"fr_FR\" \/>\n<meta property=\"og:type\" content=\"article\" \/>\n<meta property=\"og:title\" content=\"Objectifs - Ryce Travel\" \/>\n<meta property=\"og:description\" content=\"En tant que fondation, nous nous sommes fix\u00e9s plusieurs objectifs lors de notre cr\u00e9ation officielle en 2016. Les objectifs que nous avons enregistr\u00e9s aupr\u00e8s du notaire sont les suivants. Promouvoir le tourisme durable dans les pays en d\u00e9veloppement au sens le plus large du terme. Ex\u00e9cuter toutes autres actions qui sont li\u00e9es \u00e0 ce qui [&hellip;]\" \/>\n<meta property=\"og:url\" content=\"https:\/\/rycetravel.com\/fr\/objectifs\/\" \/>\n<meta property=\"og:site_name\" content=\"Ryce Travel\" \/>\n<meta property=\"article:modified_time\" content=\"2025-09-11T09:17:40+00:00\" \/>\n<meta name=\"twitter:card\" content=\"summary_large_image\" \/>\n<script type=\"application\/ld+json\" class=\"yoast-schema-graph\">{\"@context\":\"https:\/\/schema.org\",\"@graph\":[{\"@type\":\"WebPage\",\"@id\":\"https:\/\/rycetravel.com\/fr\/objectifs\/\",\"url\":\"https:\/\/rycetravel.com\/fr\/objectifs\/\",\"name\":\"Objectifs - Ryce Travel\",\"isPartOf\":{\"@id\":\"https:\/\/rycetravel.com\/#website\"},\"datePublished\":\"2019-07-13T17:40:29+00:00\",\"dateModified\":\"2025-09-11T09:17:40+00:00\",\"breadcrumb\":{\"@id\":\"https:\/\/rycetravel.com\/fr\/objectifs\/#breadcrumb\"},\"inLanguage\":\"fr-FR\",\"potentialAction\":[{\"@type\":\"ReadAction\",\"target\":[\"https:\/\/rycetravel.com\/fr\/objectifs\/\"]}]},{\"@type\":\"BreadcrumbList\",\"@id\":\"https:\/\/rycetravel.com\/fr\/objectifs\/#breadcrumb\",\"itemListElement\":[{\"@type\":\"ListItem\",\"position\":1,\"name\":\"Home\",\"item\":\"https:\/\/rycetravel.com\/fr\/\"},{\"@type\":\"ListItem\",\"position\":2,\"name\":\"Objectifs\"}]},{\"@type\":\"WebSite\",\"@id\":\"https:\/\/rycetravel.com\/#website\",\"url\":\"https:\/\/rycetravel.com\/\",\"name\":\"Ryce Travel\",\"description\":\"Aventures le long de la route de la Soie\",\"publisher\":{\"@id\":\"https:\/\/rycetravel.com\/#organization\"},\"potentialAction\":[{\"@type\":\"SearchAction\",\"target\":{\"@type\":\"EntryPoint\",\"urlTemplate\":\"https:\/\/rycetravel.com\/?s={search_term_string}\"},\"query-input\":{\"@type\":\"PropertyValueSpecification\",\"valueRequired\":true,\"valueName\":\"search_term_string\"}}],\"inLanguage\":\"fr-FR\"},{\"@type\":\"Organization\",\"@id\":\"https:\/\/rycetravel.com\/#organization\",\"name\":\"Ryce Travel\",\"url\":\"https:\/\/rycetravel.com\/\",\"logo\":{\"@type\":\"ImageObject\",\"inLanguage\":\"fr-FR\",\"@id\":\"https:\/\/rycetravel.com\/#\/schema\/logo\/image\/\",\"url\":\"https:\/\/rycetravel.com\/wp-content\/uploads\/2022\/10\/cropped-ryce_logo-1.png\",\"contentUrl\":\"https:\/\/rycetravel.com\/wp-content\/uploads\/2022\/10\/cropped-ryce_logo-1.png\",\"width\":472,\"height\":77,\"caption\":\"Ryce Travel\"},\"image\":{\"@id\":\"https:\/\/rycetravel.com\/#\/schema\/logo\/image\/\"}}]}<\/script>\n<!-- \/ Yoast SEO plugin. -->","yoast_head_json":{"title":"Objectifs - Ryce Travel","robots":{"index":"index","follow":"follow","max-snippet":"max-snippet:-1","max-image-preview":"max-image-preview:large","max-video-preview":"max-video-preview:-1"},"canonical":"https:\/\/rycetravel.com\/fr\/objectifs\/","og_locale":"fr_FR","og_type":"article","og_title":"Objectifs - Ryce Travel","og_description":"En tant que fondation, nous nous sommes fix\u00e9s plusieurs objectifs lors de notre cr\u00e9ation officielle en 2016. Les objectifs que nous avons enregistr\u00e9s aupr\u00e8s du notaire sont les suivants. Promouvoir le tourisme durable dans les pays en d\u00e9veloppement au sens le plus large du terme. Ex\u00e9cuter toutes autres actions qui sont li\u00e9es \u00e0 ce qui [&hellip;]","og_url":"https:\/\/rycetravel.com\/fr\/objectifs\/","og_site_name":"Ryce Travel","article_modified_time":"2025-09-11T09:17:40+00:00","twitter_card":"summary_large_image","schema":{"@context":"https:\/\/schema.org","@graph":[{"@type":"WebPage","@id":"https:\/\/rycetravel.com\/fr\/objectifs\/","url":"https:\/\/rycetravel.com\/fr\/objectifs\/","name":"Objectifs - Ryce Travel","isPartOf":{"@id":"https:\/\/rycetravel.com\/#website"},"datePublished":"2019-07-13T17:40:29+00:00","dateModified":"2025-09-11T09:17:40+00:00","breadcrumb":{"@id":"https:\/\/rycetravel.com\/fr\/objectifs\/#breadcrumb"},"inLanguage":"fr-FR","potentialAction":[{"@type":"ReadAction","target":["https:\/\/rycetravel.com\/fr\/objectifs\/"]}]},{"@type":"BreadcrumbList","@id":"https:\/\/rycetravel.com\/fr\/objectifs\/#breadcrumb","itemListElement":[{"@type":"ListItem","position":1,"name":"Home","item":"https:\/\/rycetravel.com\/fr\/"},{"@type":"ListItem","position":2,"name":"Objectifs"}]},{"@type":"WebSite","@id":"https:\/\/rycetravel.com\/#website","url":"https:\/\/rycetravel.com\/","name":"Ryce Travel","description":"Aventures le long de la route de la Soie","publisher":{"@id":"https:\/\/rycetravel.com\/#organization"},"potentialAction":[{"@type":"SearchAction","target":{"@type":"EntryPoint","urlTemplate":"https:\/\/rycetravel.com\/?s={search_term_string}"},"query-input":{"@type":"PropertyValueSpecification","valueRequired":true,"valueName":"search_term_string"}}],"inLanguage":"fr-FR"},{"@type":"Organization","@id":"https:\/\/rycetravel.com\/#organization","name":"Ryce Travel","url":"https:\/\/rycetravel.com\/","logo":{"@type":"ImageObject","inLanguage":"fr-FR","@id":"https:\/\/rycetravel.com\/#\/schema\/logo\/image\/","url":"https:\/\/rycetravel.com\/wp-content\/uploads\/2022\/10\/cropped-ryce_logo-1.png","contentUrl":"https:\/\/rycetravel.com\/wp-content\/uploads\/2022\/10\/cropped-ryce_logo-1.png","width":472,"height":77,"caption":"Ryce Travel"},"image":{"@id":"https:\/\/rycetravel.com\/#\/schema\/logo\/image\/"}}]}},"_links":{"self":[{"href":"https:\/\/rycetravel.com\/fr\/wp-json\/wp\/v2\/pages\/152932","targetHints":{"allow":["GET"]}}],"collection":[{"href":"https:\/\/rycetravel.com\/fr\/wp-json\/wp\/v2\/pages"}],"about":[{"href":"https:\/\/rycetravel.com\/fr\/wp-json\/wp\/v2\/types\/page"}],"author":[{"embeddable":true,"href":"https:\/\/rycetravel.com\/fr\/wp-json\/wp\/v2\/users\/4"}],"replies":[{"embeddable":true,"href":"https:\/\/rycetravel.com\/fr\/wp-json\/wp\/v2\/comments?post=152932"}],"version-history":[{"count":1,"href":"https:\/\/rycetravel.com\/fr\/wp-json\/wp\/v2\/pages\/152932\/revisions"}],"predecessor-version":[{"id":152933,"href":"https:\/\/rycetravel.com\/fr\/wp-json\/wp\/v2\/pages\/152932\/revisions\/152933"}],"wp:attachment":[{"href":"https:\/\/rycetravel.com\/fr\/wp-json\/wp\/v2\/media?parent=152932"}],"curies":[{"name":"wp","href":"https:\/\/api.w.org\/{rel}","templated":true}]}}